{"id":183,"date":"2025-05-24T19:54:07","date_gmt":"2025-05-24T17:54:07","guid":{"rendered":"http:\/\/localhost\/wordpress\/?page_id=183"},"modified":"2025-05-28T23:01:48","modified_gmt":"2025-05-28T21:01:48","slug":"collabora","status":"publish","type":"page","link":"https:\/\/casaforaui.org\/index.php\/collabora\/","title":{"rendered":"Col\u00b7labora"},"content":{"rendered":"\n<div class=\"wp-block-columns is-layout-flex wp-container-core-columns-is-layout-28f84493 wp-block-columns-is-layout-flex\">\n<div class=\"wp-block-column is-layout-flow wp-block-column-is-layout-flow\">\n<div style=\"height:84px\" aria-hidden=\"true\" class=\"wp-block-spacer\"><\/div>\n\n\n\n<p><strong>Donacions<\/strong><br>A Ca Saforaui aprofitem els articles en bon estat per donar-los una segona vida.<br><br><strong>Socies<\/strong><br>Aporta mensualment la quantitat que decidisques i rep la nostra newsletter al correu.<br><br><strong>Voluntariat<\/strong><br>Participa activament a les nostres estructures populars per oferir oportunitats a les persones que ho necessiten.<\/p>\n<\/div>\n\n\n\n<div class=\"wp-block-column is-layout-flow wp-block-column-is-layout-flow\">\n<figure class=\"wp-block-image size-full\"><img loading=\"lazy\" decoding=\"async\" width=\"1080\" height=\"1080\" src=\"https:\/\/casaforaui.org\/wp-content\/uploads\/2025\/05\/voluntariat.jpg\" alt=\"\" class=\"wp-image-259\"\/><\/figure>\n<\/div>\n<\/div>\n\n\n\n<div style=\"height:35px\" aria-hidden=\"true\" class=\"wp-block-spacer\"><\/div>\n\n\n\n<h5 class=\"wp-block-heading\">Donacions<\/h5>\n\n\n\n<p>Ajuda\u2019ns a seguir, ajuda\u2019ns a ajudar<\/p>\n\n\n\n<p>Totes les formes de col\u00b7laboraci\u00f3 i participaci\u00f3 s\u00f3n ben rebudes. Si est\u00e0s lluny, o tens massa coses al cap i no et va b\u00e9 ajudar-nos presencialment, per\u00f2 creus en el projecte i t\u2019agradaria aportar el teu granet ac\u00ed t\u2019obrim una finestreta perqu\u00e8 pugues tirar-nos una m\u00e0 fixa t\u00fa la quantitat que vols aportar, molt o poc tot fa cam\u00ed.<\/p>\n\n\n\n<p>Moltes gr\u00e0cies! Entre totes, tot!<\/p>\n\n\n\n<div class=\"forminator-guttenberg\"><div class=\"forminator-ui forminator-custom-form forminator-custom-form-322 forminator-design--default  forminator_ajax\" data-forminator-render=\"0\" data-form=\"forminator-module-322\" data-uid=\"69ef5e91532b9\"><br\/><\/div><form\n\t\t\t\tid=\"forminator-module-322\"\n\t\t\t\tclass=\"forminator-ui forminator-custom-form forminator-custom-form-322 forminator-design--default  forminator_ajax\"\n\t\t\t\tmethod=\"post\"\n\t\t\t\tdata-forminator-render=\"0\"\n\t\t\t\tdata-form-id=\"322\"\n\t\t\t\t data-color-option=\"theme\" data-design=\"default\" data-grid=\"open\" style=\"display: none;\"\n\t\t\t\tdata-uid=\"69ef5e91532b9\"\n\t\t\t><div role=\"alert\" aria-live=\"polite\" class=\"forminator-response-message forminator-error\" aria-hidden=\"true\"><\/div><div class=\"forminator-row\"><div id=\"name-1\" class=\"forminator-field-name forminator-col forminator-col-12 \"><div class=\"forminator-row forminator-no-margin\" data-multiple=\"true\"><div class=\"forminator-col forminator-col-md-6\"><div class=\"forminator-field\"><label for=\"forminator-field-first-name-1_69ef5e91532b9\" id=\"forminator-field-first-name-1_69ef5e91532b9-label\" class=\"forminator-label\">Nombre<\/label><input type=\"text\" name=\"name-1-first-name\" placeholder=\"\" id=\"forminator-field-first-name-1_69ef5e91532b9\" class=\"forminator-input\" aria-required=\"false\" data-multi=\"1\" autocomplete=\"given-name\" value=\"\" \/><\/div><\/div><div class=\"forminator-col forminator-col-md-6\"><div class=\"forminator-field\"><label for=\"forminator-field-last-name-1_69ef5e91532b9\" id=\"forminator-field-last-name-1_69ef5e91532b9-label\" class=\"forminator-label\">Apellidos<\/label><input type=\"text\" name=\"name-1-last-name\" placeholder=\"\" id=\"forminator-field-last-name-1_69ef5e91532b9\" class=\"forminator-input\" aria-required=\"false\" data-multi=\"1\" autocomplete=\"family-name\" value=\"\" \/><\/div><\/div><\/div><\/div><\/div><div class=\"forminator-row\"><div id=\"currency-1\" class=\"forminator-field-currency forminator-col forminator-col-12 \"><div class=\"forminator-field\"><label for=\"forminator-field-currency-1_69ef5e91532b9\" id=\"forminator-field-currency-1_69ef5e91532b9-label\" class=\"forminator-label\">Dinero<\/label><div class=\"forminator-input-with-suffix\"><input name=\"currency-1\" value=\"\" placeholder=\"\" id=\"forminator-field-currency-1_69ef5e91532b9\" class=\"forminator-input forminator-currency\" data-required=\"\" aria-required=\"\" data-decimals=\"2\" data-inputmask=\"&#039;groupSeparator&#039;: &#039;&#039;, &#039;radixPoint&#039;: &#039;.&#039;, &#039;digits&#039;: &#039;2&#039;\" data-hidden-behavior=\"zero\" type=\"number\" step=\"any\" \/><span class=\"forminator-suffix\">EUR<\/span><\/div><\/div><\/div><\/div><input type=\"hidden\" name=\"referer_url\" value=\"\" \/><div class=\"forminator-row forminator-row-last\"><div class=\"forminator-col\"><div class=\"forminator-field\"><button class=\"forminator-button forminator-button-submit\">Donar<\/button><\/div><\/div><\/div><input type=\"hidden\" id=\"forminator_nonce\" name=\"forminator_nonce\" value=\"52cea64a09\" \/><input type=\"hidden\" name=\"_wp_http_referer\" value=\"\/index.php\/wp-json\/wp\/v2\/pages\/183\" \/><input type=\"hidden\" name=\"form_id\" value=\"322\"><input type=\"hidden\" name=\"page_id\" value=\"183\"><input type=\"hidden\" name=\"form_type\" value=\"default\"><input type=\"hidden\" name=\"current_url\" value=\"https:\/\/casaforaui.org\/index.php\/collabora\/\"><input type=\"hidden\" name=\"render_id\" value=\"0\"><input type=\"hidden\" name=\"action\" value=\"forminator_submit_form_custom-forms\"><\/form><\/div>\n\n\n\n<div style=\"height:42px\" aria-hidden=\"true\" class=\"wp-block-spacer\"><\/div>\n\n\n\n<h5 class=\"wp-block-heading\">Voluntariat<\/h5>\n\n\n\n<p>Si vols ser voluntariat a Ca Saforaui contacta\u2019ns:<\/p>\n\n\n\n<div class=\"forminator-guttenberg\"><div class=\"forminator-ui forminator-custom-form forminator-custom-form-324 forminator-design--default  forminator_ajax\" data-forminator-render=\"0\" data-form=\"forminator-module-324\" data-uid=\"69ef5e91544ed\"><br\/><\/div><form\n\t\t\t\tid=\"forminator-module-324\"\n\t\t\t\tclass=\"forminator-ui forminator-custom-form forminator-custom-form-324 forminator-design--default  forminator_ajax\"\n\t\t\t\tmethod=\"post\"\n\t\t\t\tdata-forminator-render=\"0\"\n\t\t\t\tdata-form-id=\"324\"\n\t\t\t\t data-color-option=\"theme\" data-design=\"default\" data-grid=\"open\" style=\"display: none;\"\n\t\t\t\tdata-uid=\"69ef5e91544ed\"\n\t\t\t><div role=\"alert\" aria-live=\"polite\" class=\"forminator-response-message forminator-error\" aria-hidden=\"true\"><\/div><div class=\"forminator-row\"><div id=\"name-1\" class=\"forminator-field-name forminator-col forminator-col-12 \"><div class=\"forminator-field\"><label for=\"forminator-field-name-1_69ef5e91544ed\" id=\"forminator-field-name-1_69ef5e91544ed-label\" class=\"forminator-label\">Nombre <span class=\"forminator-required\">*<\/span><\/label><input type=\"text\" name=\"name-1\" value=\"\" placeholder=\"\" id=\"forminator-field-name-1_69ef5e91544ed\" class=\"forminator-input forminator-name--field\" aria-required=\"true\" autocomplete=\"name\" \/><\/div><\/div><\/div><div class=\"forminator-row\"><div id=\"email-1\" class=\"forminator-field-email forminator-col forminator-col-12 \"><div class=\"forminator-field\"><label for=\"forminator-field-email-1_69ef5e91544ed\" id=\"forminator-field-email-1_69ef5e91544ed-label\" class=\"forminator-label\">Direcci\u00f3n de correo electr\u00f3nico <span class=\"forminator-required\">*<\/span><\/label><input type=\"email\" name=\"email-1\" value=\"\" placeholder=\"\" id=\"forminator-field-email-1_69ef5e91544ed\" class=\"forminator-input forminator-email--field\" data-required=\"true\" aria-required=\"true\" autocomplete=\"email\" \/><\/div><\/div><\/div><input type=\"hidden\" name=\"referer_url\" value=\"\" \/><div class=\"forminator-row forminator-row-last\"><div class=\"forminator-col\"><div class=\"forminator-field\"><button class=\"forminator-button forminator-button-submit\">Enviar<\/button><\/div><\/div><\/div><input type=\"hidden\" id=\"forminator_nonce\" name=\"forminator_nonce\" value=\"e4b7fba99c\" \/><input type=\"hidden\" name=\"_wp_http_referer\" value=\"\/index.php\/wp-json\/wp\/v2\/pages\/183\" \/><input type=\"hidden\" name=\"form_id\" value=\"324\"><input type=\"hidden\" name=\"page_id\" value=\"183\"><input type=\"hidden\" name=\"form_type\" value=\"default\"><input type=\"hidden\" name=\"current_url\" value=\"https:\/\/casaforaui.org\/index.php\/collabora\/\"><input type=\"hidden\" name=\"render_id\" value=\"0\"><input type=\"hidden\" name=\"action\" value=\"forminator_submit_form_custom-forms\"><\/form><\/div>\n\n\n\n<p><\/p>\n","protected":false},"excerpt":{"rendered":"<p>DonacionsA Ca Saforaui aprofitem els articles en bon estat per donar-los una segona vida. SociesAporta mensualment la quantitat que decidisques i rep la nostra newsletter al correu. VoluntariatParticipa activament a les nostres estructures populars per oferir oportunitats a les persones que ho necessiten. Donacions Ajuda\u2019ns a seguir, ajuda\u2019ns a ajudar Totes les formes de col\u00b7laboraci\u00f3 [&hellip;]<\/p>\n","protected":false},"author":1,"featured_media":0,"parent":0,"menu_order":0,"comment_status":"closed","ping_status":"closed","template":"","meta":{"footnotes":""},"class_list":["post-183","page","type-page","status-publish","hentry"],"_links":{"self":[{"href":"https:\/\/casaforaui.org\/index.php\/wp-json\/wp\/v2\/pages\/183","targetHints":{"allow":["GET"]}}],"collection":[{"href":"https:\/\/casaforaui.org\/index.php\/wp-json\/wp\/v2\/pages"}],"about":[{"href":"https:\/\/casaforaui.org\/index.php\/wp-json\/wp\/v2\/types\/page"}],"author":[{"embeddable":true,"href":"https:\/\/casaforaui.org\/index.php\/wp-json\/wp\/v2\/users\/1"}],"replies":[{"embeddable":true,"href":"https:\/\/casaforaui.org\/index.php\/wp-json\/wp\/v2\/comments?post=183"}],"version-history":[{"count":6,"href":"https:\/\/casaforaui.org\/index.php\/wp-json\/wp\/v2\/pages\/183\/revisions"}],"predecessor-version":[{"id":345,"href":"https:\/\/casaforaui.org\/index.php\/wp-json\/wp\/v2\/pages\/183\/revisions\/345"}],"wp:attachment":[{"href":"https:\/\/casaforaui.org\/index.php\/wp-json\/wp\/v2\/media?parent=183"}],"curies":[{"name":"wp","href":"https:\/\/api.w.org\/{rel}","templated":true}]}}