{"id":24,"date":"2025-05-14T20:10:39","date_gmt":"2025-05-14T18:10:39","guid":{"rendered":"http:\/\/localhost\/wordpress\/?page_id=24"},"modified":"2025-05-28T23:29:29","modified_gmt":"2025-05-28T21:29:29","slug":"contacta","status":"publish","type":"page","link":"https:\/\/casaforaui.org\/index.php\/contacta\/","title":{"rendered":"Contacta"},"content":{"rendered":"\n<p>Pot trobar-nos en les seg\u00fcents direccions de dilluns a divendres a l&#8217;horari de la imatge que trobar\u00e0s <a href=\"https:\/\/casaforaui.org\/index.php\/activitats\/\">ac\u00ed<\/a> o pots comunicar-te per a qualsevol dubte amb el formulari de contacte que est\u00e0 a la part inferior de la p\u00e0gina o amb el seg\u00fcent correu i en cas de voler col\u00b7laborar en aquest projecte pots veure les diferents maneres <a href=\"https:\/\/casaforaui.org\/index.php\/collabora\/\">ac\u00ed<\/a>:<br><a href=\"mailto:ca.saforaui.gandia@gmail.com\"><strong>ca.saforaui.gandia@gmail.com<\/strong><\/a><\/p>\n\n\n\n<figure class=\"wp-block-image size-full\"><img loading=\"lazy\" decoding=\"async\" width=\"2048\" height=\"2048\" src=\"https:\/\/casaforaui.org\/wp-content\/uploads\/2025\/05\/CONTACTE-mapa-centre-social-i-menjador.jpg\" alt=\"\" class=\"wp-image-121\"\/><\/figure>\n\n\n\n<h5 class=\"wp-block-heading\">Formulari de contacte<\/h5>\n\n\n\n<div class=\"forminator-guttenberg\"><div class=\"forminator-ui forminator-custom-form forminator-custom-form-261 forminator-design--default  forminator_ajax\" data-forminator-render=\"0\" data-form=\"forminator-module-261\" data-uid=\"69ef5ea01271c\"><br\/><\/div><form\n\t\t\t\tid=\"forminator-module-261\"\n\t\t\t\tclass=\"forminator-ui forminator-custom-form forminator-custom-form-261 forminator-design--default  forminator_ajax\"\n\t\t\t\tmethod=\"post\"\n\t\t\t\tdata-forminator-render=\"0\"\n\t\t\t\tdata-form-id=\"261\"\n\t\t\t\t data-color-option=\"theme\" data-design=\"default\" data-grid=\"open\" style=\"display: none;\"\n\t\t\t\tdata-uid=\"69ef5ea01271c\"\n\t\t\t><div role=\"alert\" aria-live=\"polite\" class=\"forminator-response-message forminator-error\" aria-hidden=\"true\"><\/div><div class=\"forminator-row\"><div id=\"name-1\" class=\"forminator-field-name forminator-col forminator-col-12 \"><div class=\"forminator-field\"><label for=\"forminator-field-name-1_69ef5ea01271c\" id=\"forminator-field-name-1_69ef5ea01271c-label\" class=\"forminator-label\">Nombre <span class=\"forminator-required\">*<\/span><\/label><input type=\"text\" name=\"name-1\" value=\"\" placeholder=\"\" id=\"forminator-field-name-1_69ef5ea01271c\" class=\"forminator-input forminator-name--field\" aria-required=\"true\" autocomplete=\"name\" \/><\/div><\/div><\/div><div class=\"forminator-row\"><div id=\"email-1\" class=\"forminator-field-email forminator-col forminator-col-12 \"><div class=\"forminator-field\"><label for=\"forminator-field-email-1_69ef5ea01271c\" id=\"forminator-field-email-1_69ef5ea01271c-label\" class=\"forminator-label\">Direcci\u00f3n de correo electr\u00f3nico <span class=\"forminator-required\">*<\/span><\/label><input type=\"email\" name=\"email-1\" value=\"\" placeholder=\"\" id=\"forminator-field-email-1_69ef5ea01271c\" class=\"forminator-input forminator-email--field\" data-required=\"true\" aria-required=\"true\" autocomplete=\"email\" \/><\/div><\/div><\/div><div class=\"forminator-row\"><div id=\"phone-1\" class=\"forminator-field-phone forminator-col forminator-col-12 \"><div class=\"forminator-field\"><label for=\"forminator-field-phone-1_69ef5ea01271c\" id=\"forminator-field-phone-1_69ef5ea01271c-label\" class=\"forminator-label\">N\u00famero de tel\u00e9fono<\/label><input type=\"text\" name=\"phone-1\" value=\"\" placeholder=\"\" id=\"forminator-field-phone-1_69ef5ea01271c\" class=\"forminator-input forminator-field--phone\" data-required=\"\" aria-required=\"false\" autocomplete=\"off\" \/><\/div><\/div><\/div><div class=\"forminator-row\"><div id=\"textarea-1\" class=\"forminator-field-textarea forminator-col forminator-col-12 \"><div class=\"forminator-field\"><label for=\"forminator-field-textarea-1_69ef5ea01271c\" id=\"forminator-field-textarea-1_69ef5ea01271c-label\" class=\"forminator-label\">Mensaje<\/label><span id=\"forminator-field-textarea-1_69ef5ea01271c-description\" class=\"forminator-description\"><span data-limit=\"180\" data-type=\"characters\" data-editor=\"\">0 \/ 180<\/span><\/span><textarea name=\"textarea-1\" placeholder=\"\" id=\"forminator-field-textarea-1_69ef5ea01271c\" class=\"forminator-textarea\" rows=\"6\" style=\"--forminator-textarea-min-height:140px;\" maxlength=\"180\" ><\/textarea><\/div><\/div><\/div><input type=\"hidden\" name=\"referer_url\" value=\"\" \/><div class=\"forminator-row forminator-row-last\"><div class=\"forminator-col\"><div class=\"forminator-field\"><button class=\"forminator-button forminator-button-submit\">Enviar<\/button><\/div><\/div><\/div><input type=\"hidden\" id=\"forminator_nonce\" name=\"forminator_nonce\" value=\"c192b80beb\" \/><input type=\"hidden\" name=\"_wp_http_referer\" value=\"\/index.php\/wp-json\/wp\/v2\/pages\/24\" \/><input type=\"hidden\" name=\"form_id\" value=\"261\"><input type=\"hidden\" name=\"page_id\" value=\"24\"><input type=\"hidden\" name=\"form_type\" value=\"default\"><input type=\"hidden\" name=\"current_url\" value=\"https:\/\/casaforaui.org\/index.php\/contacta\/\"><input type=\"hidden\" name=\"render_id\" value=\"0\"><input type=\"hidden\" name=\"action\" value=\"forminator_submit_form_custom-forms\"><\/form><\/div>\n","protected":false},"excerpt":{"rendered":"<p>Pot trobar-nos en les seg\u00fcents direccions de dilluns a divendres a l&#8217;horari de la imatge que trobar\u00e0s ac\u00ed o pots comunicar-te per a qualsevol dubte amb el formulari de contacte que est\u00e0 a la part inferior de la p\u00e0gina o amb el seg\u00fcent correu i en cas de voler col\u00b7laborar en aquest projecte pots veure [&hellip;]<\/p>\n","protected":false},"author":1,"featured_media":0,"parent":0,"menu_order":0,"comment_status":"closed","ping_status":"closed","template":"","meta":{"footnotes":""},"class_list":["post-24","page","type-page","status-publish","hentry"],"_links":{"self":[{"href":"https:\/\/casaforaui.org\/index.php\/wp-json\/wp\/v2\/pages\/24","targetHints":{"allow":["GET"]}}],"collection":[{"href":"https:\/\/casaforaui.org\/index.php\/wp-json\/wp\/v2\/pages"}],"about":[{"href":"https:\/\/casaforaui.org\/index.php\/wp-json\/wp\/v2\/types\/page"}],"author":[{"embeddable":true,"href":"https:\/\/casaforaui.org\/index.php\/wp-json\/wp\/v2\/users\/1"}],"replies":[{"embeddable":true,"href":"https:\/\/casaforaui.org\/index.php\/wp-json\/wp\/v2\/comments?post=24"}],"version-history":[{"count":8,"href":"https:\/\/casaforaui.org\/index.php\/wp-json\/wp\/v2\/pages\/24\/revisions"}],"predecessor-version":[{"id":366,"href":"https:\/\/casaforaui.org\/index.php\/wp-json\/wp\/v2\/pages\/24\/revisions\/366"}],"wp:attachment":[{"href":"https:\/\/casaforaui.org\/index.php\/wp-json\/wp\/v2\/media?parent=24"}],"curies":[{"name":"wp","href":"https:\/\/api.w.org\/{rel}","templated":true}]}}